{"id":1119,"date":"2015-11-27T12:40:57","date_gmt":"2015-11-27T12:40:57","guid":{"rendered":"http:\/\/www.historiazkolemwtle.cal24.pl\/?page_id=1119"},"modified":"2023-07-23T20:40:09","modified_gmt":"2023-07-23T19:40:09","slug":"historia-poleca","status":"publish","type":"page","link":"https:\/\/www.historiazkolemwtle.cal24.pl\/Blog\/historia-poleca\/","title":{"rendered":"&quot;Historia &#8230;&quot; poleca:"},"content":{"rendered":"<p style=\"text-align: center;\"><strong>\u0179r\u00f3d\u0142a inspiracji i wiedzy motoryzacyjnej:<\/strong><\/p>\n<p style=\"text-align: center;\"><span style=\"font-size: 10pt;\"><a href=\"https:\/\/www.instagram.com\/ilovelancia\/\">IloveLancia <\/a>&#8211; profil po\u015bwi\u0119cony marce Lancia<\/span><\/p>\n<p style=\"text-align: center;\"><span style=\"font-size: 10pt;\"><a href=\"https:\/\/www.instagram.com\/automotive.ai\/\">Automotive.ai<\/a>\u00a0&#8211; motoryzacja w alternatywnej rzeczywisto\u015bci<\/span><\/p>\n<p style=\"text-align: center;\"><span style=\"font-size: 10pt;\"><a href=\"https:\/\/www.youtube.com\/user\/ikea55\">CrashNet1<\/a>\u00a0&#8211; kana\u0142 na Youtube z testami zderzeniowymi modeli z lat 70,80 i 90-tych<\/span><\/p>\n<p style=\"text-align: center;\"><span style=\"font-size: 10pt;\"><a href=\"http:\/\/www.cytrynigumiak.pl\/\">Cytryn i Gumiak<\/a>\u00a0&#8211; mechanicy i mistrzowie j\u0119zyka polskiego w jednym (w dw\u00f3ch)<\/span><\/p>\n<p style=\"text-align: center;\"><span style=\"font-size: 10pt;\"><a href=\"https:\/\/www.youtube.com\/channel\/UCNGnPAMDkCVHi4eFDwtSdvQ\">SparrowNoblePoland<\/a>\u00a0&#8211; kroniki filmowe o polskiej motoryzacji<\/span><\/p>\n<p style=\"text-align: center;\"><span style=\"font-size: 10pt;\"><a href=\"https:\/\/www.classiccarcatalogue.com\/\">Classic Car Catalogue<\/a>\u00a0&#8211; o markach, kt\u00f3re ju\u017c nie istniej\u0105<\/span><\/p>\n<p style=\"text-align: center;\"><span style=\"font-size: 10pt;\"><a href=\"https:\/\/www.youtube.com\/channel\/UCJwJa0rYNnZXwjhBSxcDdGA\">Patina<\/a> &#8211; unikaty \u015bwiata starej motoryzacji<\/span><\/p>\n<p style=\"text-align: center;\"><span style=\"font-size: 10pt;\"><a href=\"http:\/\/alfetta.pl\/\">AlfettaPL<\/a>\u00a0&#8211; klasyczna w\u0142oska motoryzacja<\/span><\/p>\n<p style=\"text-align: center;\"><span style=\"font-size: 10pt;\"><a href=\"https:\/\/www.youtube.com\/channel\/UCnfLBGTyRwITv-04g9Owe2Q\" target=\"_blank\" rel=\"noopener noreferrer\">Petrolhead Number One<\/a>\u00a0&#8211; motoryzacja prawdziwych facet\u00f3w<\/span><\/p>\n<p style=\"text-align: center;\"><span style=\"font-size: 10pt;\"><a href=\"https:\/\/www.facebook.com\/MotoryzacjawPL\/\">MotoryzacjawPL<\/a>\u00a0&#8211; motoryzacja w Polsce<\/span><\/p>\n<p style=\"text-align: center;\"><span style=\"font-size: 10pt;\"><a href=\"https:\/\/www.youtube.com\/channel\/UC6QQgYvLlG3mlUPH2SxcnZA\">All Classic Video<\/a> &#8211; przedwojenne filmy reklamowe<\/span><\/p>\n<p style=\"text-align: center;\"><span style=\"font-size: 10pt;\"><a href=\"https:\/\/www.youtube.com\/channel\/UCWBzWXHGLP-xnlhkGF0JHiw\">Jonathan Ward<\/a> &#8211; zabytkowe pojazdy terenowe<\/span><\/p>\n<p style=\"text-align: center;\"><span style=\"font-size: 10pt;\"><a href=\"https:\/\/www.youtube.com\/channel\/UCSu149QVwEHlR7rVjz1lUvg\">Alfa Guy <\/a>&#8211; egzotyczna motoryzacja lat 80 i 90-tych<\/span><\/p>\n<p style=\"text-align: center;\"><span style=\"font-size: 10pt;\"><a href=\"https:\/\/www.youtube.com\/channel\/UCbICoaifEiEEzZQXcVW_mKg\">Pertyn Gl\u0119dzi <\/a>&#8211; kana\u0142 youtube jedynego polskiego jurora w konkursie &#8222;Samoch\u00f3d Roku&#8221;<\/span><\/p>\n<p style=\"text-align: center;\"><span style=\"font-size: 10pt;\"><a href=\"https:\/\/www.youtube.com\/channel\/UCsD9nSAjE6uq1EPYlCORS9w\">Davide Cironi &#8211; <\/a>nie tylko w\u0142oskie youngtimery<\/span><\/p>\n<p style=\"text-align: center;\"><span style=\"font-size: 10pt;\"><a href=\"https:\/\/www.youtube.com\/channel\/UCFTPOjew_7FoZvx98Eey7uQ\">TVDays<\/a> &#8211; filmy reklamowe ameryka\u0144skich samochod\u00f3w z lat 50 i 60-tych<\/span><\/p>\n<p style=\"text-align: center;\"><span style=\"font-size: 10pt;\"><a href=\"https:\/\/www.youtube.com\/channel\/UCctu4z-mlxO-x7K0RDCk4ag\">MotoBieda <\/a>&#8211; tanio, wulgarnie, ale bez \u015bciemy o starych samochodach<\/span><\/p>\n<p style=\"text-align: center;\"><span style=\"font-size: 10pt;\"><a href=\"https:\/\/www.youtube.com\/channel\/UCO-sTDIIRG3xjDpzmmsxE5g\">AutomobileHistoryUSA <\/a>&#8211; filmowa historia ameryka\u0144skiej motoryzacji<\/span><\/p>\n<p style=\"text-align: center;\"><span style=\"font-size: 10pt;\"><a href=\"https:\/\/www.youtube.com\/user\/PetroliciousCo\">Petrolicious<\/a>\u00a0&#8211; pi\u0119kne klasyki i ich dumni w\u0142a\u015bciciele<\/span><\/p>\n<p style=\"text-align: center;\"><span style=\"font-size: 10pt;\"><a href=\"https:\/\/www.youtube.com\/channel\/UC-G-_WzorDpCrZl1XrYwLvA\">Profesor Chris<\/a>\u00a0&#8211; ciekawie o mechanice i technice samochodowej<\/span><\/p>\n<p style=\"text-align: center;\"><span style=\"font-size: 10pt;\"><a href=\"https:\/\/www.classiccarsmagazine.co.uk\/\">Classic Cars Magazine<\/a>\u00a0&#8211; czasopismo bran\u017cowe o pojazdach klasycznych<\/span><\/p>\n<p style=\"text-align: center;\"><span style=\"font-size: 10pt;\"><a href=\"https:\/\/www.youtube.com\/user\/iFasterMagazine\">Gara\u017c.CZ<\/a>\u00a0&#8211; kultowy czeski kana\u0142 motoryzacyjny<\/span><\/p>\n<p style=\"text-align: center;\"><span style=\"font-size: 10pt;\"><a href=\"https:\/\/www.youtube.com\/channel\/UCTYgE8609WFLRwVvdySdPXw\">SWAG TV <\/a> &#8211; najlepszy polski mistrz autodetailingu<\/span><\/p>\n<p style=\"text-align: center;\"><span style=\"font-size: 10pt;\"><a href=\"https:\/\/www.youtube.com\/user\/worldnewsdepartment2\">World Cars Evolution <\/a> &#8211; historia marek samochodowych<\/span><\/p>\n<p style=\"text-align: center;\"><span style=\"font-size: 10pt;\"><a href=\"https:\/\/www.youtube.com\/channel\/UCfCKvREB11-fxyotS1ONgww\">Mark Felton Productions<\/a> &#8211; technika wojskowa z II Wojny \u015awiatowej<\/span><\/p>\n<p style=\"text-align: center;\"><strong>Praktyczna strona zabytkowej motoryzacji:<\/strong><\/p>\n<p style=\"text-align: center;\"><a href=\"https:\/\/www.warta.pl\/ubezpieczenie-samochodu-zabytkowego\/\">U<span style=\"font-size: 10pt;\">bezpieczenia Warta<\/span><\/a><span style=\"font-size: 10pt;\">\u00a0&#8211; ubezpieczenie pojazdu zabytkowego<\/span><\/p>\n<p style=\"text-align: center;\"><a href=\"https:\/\/mubi.pl\/poradniki\/rejestracja-i-ubezpieczenie-samochodu-zabytkowego\/\">P<span style=\"font-size: 10pt;\">or\u00f3wnywarka Mubi<\/span><\/a><span style=\"font-size: 10pt;\">\u00a0&#8211; polisy OC oraz informacje dla w\u0142a\u015bcicieli pojazd\u00f3w zabytkowych<\/span><\/p>\n<p style=\"text-align: center;\"><span style=\"font-size: 10pt;\"><a href=\"https:\/\/pzm.pl\/pojazdy-zabytkowe\/pzu\">Polski Zwi\u0105zek Motorowy<\/a>\u00a0&#8211; strona PZMot-u z kalendarzem imprez<\/span><\/p>\n<p>&nbsp;<\/p>\n<p>&nbsp;<\/p>\n<p>&nbsp;<\/p>\n<p>&nbsp;<\/p>\n<p>&nbsp;<\/p>\n<p>&nbsp;<\/p>\n<p>&nbsp;<\/p>\n<p>&nbsp;<\/p>\n","protected":false},"excerpt":{"rendered":"<p>\u0179r\u00f3d\u0142a inspiracji i wiedzy motoryzacyjnej: IloveLancia &#8211; profil po\u015bwi\u0119cony marce Lancia Automotive.ai\u00a0&#8211; motoryzacja w alternatywnej rzeczywisto\u015bci CrashNet1\u00a0&#8211; kana\u0142 na Youtube z testami zderzeniowymi modeli z lat 70,80 i 90-tych Cytryn i Gumiak\u00a0&#8211; mechanicy i mistrzowie j\u0119zyka polskiego w jednym (w dw\u00f3ch) SparrowNoblePoland\u00a0&#8211; kroniki filmowe o polskiej motoryzacji Classic Car Catalogue\u00a0&#8211; o markach, kt\u00f3re ju\u017c nie\u2026 <span class=\"read-more\"><a href=\"https:\/\/www.historiazkolemwtle.cal24.pl\/Blog\/historia-poleca\/\">Dowiedz si\u0119 wi\u0119cej &raquo;<\/a><\/span><\/p>\n","protected":false},"author":1,"featured_media":15426,"parent":0,"menu_order":0,"comment_status":"closed","ping_status":"closed","template":"","meta":{"footnotes":""},"class_list":["post-1119","page","type-page","status-publish","has-post-thumbnail","hentry"],"rttpg_featured_image_url":{"full":["https:\/\/www.historiazkolemwtle.cal24.pl\/Blog\/wp-content\/uploads\/2023\/07\/logo-kopia.png",1650,1045,false],"landscape":["https:\/\/www.historiazkolemwtle.cal24.pl\/Blog\/wp-content\/uploads\/2023\/07\/logo-kopia.png",1650,1045,false],"portraits":["https:\/\/www.historiazkolemwtle.cal24.pl\/Blog\/wp-content\/uploads\/2023\/07\/logo-kopia.png",1650,1045,false],"thumbnail":["https:\/\/www.historiazkolemwtle.cal24.pl\/Blog\/wp-content\/uploads\/2023\/07\/logo-kopia-150x150.png",150,150,true],"medium":["https:\/\/www.historiazkolemwtle.cal24.pl\/Blog\/wp-content\/uploads\/2023\/07\/logo-kopia-300x190.png",300,190,true],"large":["https:\/\/www.historiazkolemwtle.cal24.pl\/Blog\/wp-content\/uploads\/2023\/07\/logo-kopia-1024x649.png",665,421,true],"1536x1536":["https:\/\/www.historiazkolemwtle.cal24.pl\/Blog\/wp-content\/uploads\/2023\/07\/logo-kopia-1536x973.png",1536,973,true],"2048x2048":["https:\/\/www.historiazkolemwtle.cal24.pl\/Blog\/wp-content\/uploads\/2023\/07\/logo-kopia.png",1650,1045,false],"post-thumbnail":["https:\/\/www.historiazkolemwtle.cal24.pl\/Blog\/wp-content\/uploads\/2023\/07\/logo-kopia-660x418.png",660,418,true],"excerpt-thumbnail":["https:\/\/www.historiazkolemwtle.cal24.pl\/Blog\/wp-content\/uploads\/2023\/07\/logo-kopia-200x140.png",200,140,true],"excerpt-thumbnail-mobile":["https:\/\/www.historiazkolemwtle.cal24.pl\/Blog\/wp-content\/uploads\/2023\/07\/logo-kopia-380x200.png",380,200,true]},"rttpg_author":{"display_name":"Zbigniew Kluczkowski","author_link":"https:\/\/www.historiazkolemwtle.cal24.pl\/Blog\/author\/admin\/"},"rttpg_comment":0,"rttpg_category":null,"rttpg_excerpt":"\u0179r\u00f3d\u0142a inspiracji i wiedzy motoryzacyjnej: IloveLancia &#8211; profil po\u015bwi\u0119cony marce Lancia Automotive.ai\u00a0&#8211; motoryzacja w alternatywnej rzeczywisto\u015bci CrashNet1\u00a0&#8211; kana\u0142 na Youtube z testami zderzeniowymi modeli z lat 70,80 i 90-tych Cytryn i Gumiak\u00a0&#8211; mechanicy i mistrzowie j\u0119zyka polskiego w jednym (w dw\u00f3ch) SparrowNoblePoland\u00a0&#8211; kroniki filmowe o polskiej motoryzacji Classic Car Catalogue\u00a0&#8211; o markach, kt\u00f3re ju\u017c nie\u2026&hellip;","_links":{"self":[{"href":"https:\/\/www.historiazkolemwtle.cal24.pl\/Blog\/wp-json\/wp\/v2\/pages\/1119","targetHints":{"allow":["GET"]}}],"collection":[{"href":"https:\/\/www.historiazkolemwtle.cal24.pl\/Blog\/wp-json\/wp\/v2\/pages"}],"about":[{"href":"https:\/\/www.historiazkolemwtle.cal24.pl\/Blog\/wp-json\/wp\/v2\/types\/page"}],"author":[{"embeddable":true,"href":"https:\/\/www.historiazkolemwtle.cal24.pl\/Blog\/wp-json\/wp\/v2\/users\/1"}],"replies":[{"embeddable":true,"href":"https:\/\/www.historiazkolemwtle.cal24.pl\/Blog\/wp-json\/wp\/v2\/comments?post=1119"}],"version-history":[{"count":41,"href":"https:\/\/www.historiazkolemwtle.cal24.pl\/Blog\/wp-json\/wp\/v2\/pages\/1119\/revisions"}],"predecessor-version":[{"id":15427,"href":"https:\/\/www.historiazkolemwtle.cal24.pl\/Blog\/wp-json\/wp\/v2\/pages\/1119\/revisions\/15427"}],"wp:featuredmedia":[{"embeddable":true,"href":"https:\/\/www.historiazkolemwtle.cal24.pl\/Blog\/wp-json\/wp\/v2\/media\/15426"}],"wp:attachment":[{"href":"https:\/\/www.historiazkolemwtle.cal24.pl\/Blog\/wp-json\/wp\/v2\/media?parent=1119"}],"curies":[{"name":"wp","href":"https:\/\/api.w.org\/{rel}","templated":true}]}}